{"id":525,"date":"2023-02-21T13:06:04","date_gmt":"2023-02-21T12:06:04","guid":{"rendered":"https:\/\/lasomniada.com\/visita-guiada\/"},"modified":"2025-07-22T11:30:40","modified_gmt":"2025-07-22T09:30:40","slug":"visita-guiada-cervesa-artesana","status":"publish","type":"page","link":"https:\/\/lasomniada.com\/ca\/visita-guiada-cervesa-artesana\/","title":{"rendered":"Visita guiada"},"content":{"rendered":"<section class=\"wpb-content-wrapper\">[vc_row gap=&#8221;30&#8243; css=&#8221;.vc_custom_1677594392614{padding-top: 3% !important;padding-right: 10% !important;padding-left: 10% !important;background-color: #478a7b !important;}&#8221; el_id=&#8221;cerveceria&#8221;][vc_column width=&#8221;1\/2&#8243; css=&#8221;.vc_custom_1675688109058{padding-top: 2% !important;}&#8221;][vc_column_text]\n<div class=\"elementor-element elementor-element-3b96746 elementor-widget elementor-widget-heading\" data-id=\"3b96746\" data-element_type=\"widget\" data-widget_type=\"heading.default\">\n<div class=\"elementor-widget-container\">\n<h1 class=\"elementor-heading-title elementor-size-default uppercase\"><span style=\"font-size: 130%;\">VISITA GUIADA\u00a0<\/span><\/h1>\n<\/div>\n<\/div>\n<div class=\"elementor-element elementor-element-1f2bc21 elementor-widget elementor-widget-heading\" data-id=\"1f2bc21\" data-element_type=\"widget\" data-widget_type=\"heading.default\">\n<div class=\"elementor-widget-container\">\n<h2 class=\"elementor-heading-title elementor-size-default\"><span style=\"font-size: 130%;\" data-text-color=\"success\">Veuen a gaudir d&#8217;una completa visita guiada i gaudeix de les nostres cerveses<\/span><\/h2>\n<\/div>\n<\/div>\n[\/vc_column_text][vc_column_text]<span data-text-color=\"success\">Vols con\u00e9ixer el proc\u00e9s d&#8217;elaboraci\u00f3 de la cervesa artesanal? Veuen a visitar la nostra f\u00e0brica de cervesa en Soneja i podr\u00e0s con\u00e9ixer com de la mescla entre la malta, el ll\u00fapol i l&#8217;aigua (i altres ingredients innovadors depenent de la recepta\u2026) ix un dels caldos espumosos m\u00e9s gaudits per tot el m\u00f3n, la cervesa !!<\/span>[\/vc_column_text][vc_column_text]<span data-text-color=\"success\"><strong><span style=\"font-size: 110%;\">Precio:<\/span><\/strong><\/span><br \/>\n<span style=\"font-size: 110%;\" data-text-color=\"success\">20\u20ac\/persona, inclou la degustaci\u00f3 de 6 cerveses maridadas amb productes locals.<\/span><\/p>\n<p><span style=\"font-size: 110%;\" data-text-color=\"success\">Es confirmar\u00e0 quan el grup m\u00ednim arribe a 8 persones<\/span><\/p>\n<p><span data-text-color=\"success\"><strong><span style=\"font-size: 110%;\">Horari:<\/span><\/strong><\/span><br \/>\n<span style=\"font-size: 110%;\" data-text-color=\"success\">Dissabtes i Diumenges d&#8217;11.00 a 13:00h, o horaris a convindre (consultar disponibilitat)<\/span>[\/vc_column_text][\/vc_column][vc_column width=&#8221;1\/2&#8243;][vc_column_text]<img loading=\"lazy\" decoding=\"async\" class=\"alignnone wp-image-696 size-large\" src=\"https:\/\/lasomniada.com\/wp-content\/uploads\/2023\/03\/Visita-1024x768.jpeg\" alt=\"Visita Guiada\" width=\"1020\" height=\"765\" srcset=\"https:\/\/lasomniada.com\/wp-content\/uploads\/2023\/03\/Visita-1024x768.jpeg 1024w, https:\/\/lasomniada.com\/wp-content\/uploads\/2023\/03\/Visita-300x225.jpeg 300w, https:\/\/lasomniada.com\/wp-content\/uploads\/2023\/03\/Visita-768x576.jpeg 768w, https:\/\/lasomniada.com\/wp-content\/uploads\/2023\/03\/Visita-600x450.jpeg 600w, https:\/\/lasomniada.com\/wp-content\/uploads\/2023\/03\/Visita.jpeg 1280w\" sizes=\"auto, (max-width: 1020px) 100vw, 1020px\" \/>[\/vc_column_text][\/vc_column][\/vc_row][vc_row gap=&#8221;30&#8243; content_placement=&#8221;top&#8221; css=&#8221;.vc_custom_1677590395934{padding-right: 10% !important;padding-bottom: 3% !important;padding-left: 10% !important;background-color: #478a7b !important;}&#8221;][vc_column][tm_carousel_father arrow=&#8221;false&#8221; pauseonhover=&#8221;false&#8221; spaces=&#8221;10&#8243; slide_visible=&#8221;3&#8243; tabs=&#8221;3&#8243; dotclr=&#8221;#dd3333&#8243; dotsize=&#8221;&#8221; dotposition=&#8221;10px&#8221;][tm_carousel_son image_id=&#8221;57&#8243;]\n<p style=\"text-align: center;\">write any text and make custom design that you want to show.<\/p>\n[\/tm_carousel_son][tm_carousel_son image_id=&#8221;56&#8243;]\n<p style=\"text-align: center;\">write any text and make custom design that you want to show.<\/p>\n[\/tm_carousel_son][tm_carousel_son image_id=&#8221;59&#8243;]\n<p style=\"text-align: center;\">write any text and make custom design that you want to show.<\/p>\n<p>&nbsp;<\/p>\n[\/tm_carousel_son][tm_carousel_son image_id=&#8221;58&#8243;]\n<p style=\"text-align: center;\">write any text and make custom design that you want to show.<\/p>\n<p>&nbsp;<\/p>\n<p>&nbsp;<\/p>\n[\/tm_carousel_son][tm_carousel_son image_id=&#8221;60&#8243;]\n<p style=\"text-align: center;\">write any text and make custom design that you want to show.<\/p>\n<p>&nbsp;<\/p>\n<p>&nbsp;<\/p>\n<p>&nbsp;<\/p>\n[\/tm_carousel_son][\/tm_carousel_father][\/vc_column][\/vc_row][vc_row gap=&#8221;30&#8243; content_placement=&#8221;top&#8221; css=&#8221;.vc_custom_1677590395934{padding-right: 10% !important;padding-bottom: 3% !important;padding-left: 10% !important;background-color: #478a7b !important;}&#8221;][vc_column][vc_row_inner css=&#8221;.vc_custom_1677591998852{padding-top: 5% !important;padding-right: 5% !important;padding-bottom: 5% !important;padding-left: 5% !important;background-color: #e2e2e2 !important;}&#8221;][vc_column_inner width=&#8221;3\/4&#8243;][vc_column_text]\n<h2 class=\"elementor-heading-title elementor-size-default\"><span style=\"font-size: 130%;\" data-text-color=\"primary\">Reserva la teua visita:<\/span><\/h2>\n[\/vc_column_text][vc_column_text]*Pots escriure&#8217;ns a <a href=\"mailto:amorylupulo@lasomniada.com\">amorylupulo@lasomniada.com<\/a> i en breu et contestarem a l&#8217;e-mail confirmant la visita. O via <a href=\"https:\/\/wa.me\/+34722148583\">Whatsapp<\/a> al 722 148 583 Moltes gr\u00e0cies![\/vc_column_text][\/vc_column_inner][vc_column_inner width=&#8221;1\/4&#8243;][vc_empty_space height=&#8221;52px&#8221;][vc_single_image image=&#8221;11&#8243; img_size=&#8221;large&#8221; alignment=&#8221;center&#8221;][\/vc_column_inner][\/vc_row_inner][\/vc_column][\/vc_row]\n<\/section>","protected":false},"excerpt":{"rendered":"[vc_row gap=&#8221;30&#8243; css=&#8221;.vc_custom_1677594392614{padding-top: 3% !important;padding-right: 10% !important;padding-left: 10% !important;background-color: #478a7b !important;}&#8221; el_id=&#8221;cerveceria&#8221;][vc_column width=&#8221;1\/2&#8243; css=&#8221;.vc_custom_1675688109058{padding-top: 2% !important;}&#8221;][vc_column_text] VISITA GUIADA\u00a0 Veuen a gaudir d&#8217;una completa visita guiada i gaudeix de les nostres cerveses [\/vc_column_text][vc_column_text]Vols con\u00e9ixer el proc\u00e9s d&#8217;elaboraci\u00f3 de la cervesa artesanal? Veuen a visitar la nostra f\u00e0brica de cervesa en Soneja i podr\u00e0s con\u00e9ixer com de&hellip; <a class=\"continue\" href=\"https:\/\/lasomniada.com\/ca\/visita-guiada-cervesa-artesana\/\">leer m\u00e1s<span> Visita guiada<\/span><\/a><\/p>\n","protected":false},"author":1,"featured_media":0,"parent":0,"menu_order":0,"comment_status":"closed","ping_status":"closed","template":"page-blank.php","meta":{"footnotes":""},"class_list":["post-525","page","type-page","status-publish","hentry"],"yoast_head":"<!-- This site is optimized with the Yoast SEO plugin v27.4 - https:\/\/yoast.com\/product\/yoast-seo-wordpress\/ -->\n<title>Visita guiada - Cervecer\u00eda L&#039;auda\u00e7 - La Somniada Coop.V<\/title>\n<meta name=\"description\" content=\"Vols con\u00e9ixer el proc\u00e9s d&#039;elaboraci\u00f3 de la cervesa artesanal? Veuen a visitar la nostra f\u00e0brica de cervesa en Castellon - Soneja\" \/>\n<meta name=\"robots\" content=\"index, follow, max-snippet:-1, max-image-preview:large, max-video-preview:-1\" \/>\n<link rel=\"canonical\" href=\"https:\/\/lasomniada.com\/ca\/visita-guiada-cervesa-artesana\/\" \/>\n<meta property=\"og:locale\" content=\"en_US\" \/>\n<meta property=\"og:type\" content=\"article\" \/>\n<meta property=\"og:title\" content=\"Visita guiada - Cervecer\u00eda L&#039;auda\u00e7 - La Somniada Coop.V\" \/>\n<meta property=\"og:description\" content=\"Vols con\u00e9ixer el proc\u00e9s d&#039;elaboraci\u00f3 de la cervesa artesanal? Veuen a visitar la nostra f\u00e0brica de cervesa en Castellon - Soneja\" \/>\n<meta property=\"og:url\" content=\"https:\/\/lasomniada.com\/ca\/visita-guiada-cervesa-artesana\/\" \/>\n<meta property=\"og:site_name\" content=\"Cervecer\u00eda L&#039;auda\u00e7 - La Somniada Coop.V\" \/>\n<meta property=\"article:publisher\" content=\"https:\/\/www.facebook.com\/profile.php?id=100076092644625\" \/>\n<meta property=\"article:modified_time\" content=\"2025-07-22T09:30:40+00:00\" \/>\n<meta property=\"og:image\" content=\"https:\/\/lasomniada.com\/wp-content\/uploads\/2023\/03\/Visita.jpeg\" \/>\n\t<meta property=\"og:image:width\" content=\"1280\" \/>\n\t<meta property=\"og:image:height\" content=\"960\" \/>\n\t<meta property=\"og:image:type\" content=\"image\/jpeg\" \/>\n<meta name=\"twitter:card\" content=\"summary_large_image\" \/>\n<meta name=\"twitter:label1\" content=\"Est. reading time\" \/>\n\t<meta name=\"twitter:data1\" content=\"2 minutes\" \/>\n<script type=\"application\/ld+json\" class=\"yoast-schema-graph\">{\"@context\":\"https:\\\/\\\/schema.org\",\"@graph\":[{\"@type\":\"WebPage\",\"@id\":\"https:\\\/\\\/lasomniada.com\\\/ca\\\/visita-guiada-cervesa-artesana\\\/\",\"url\":\"https:\\\/\\\/lasomniada.com\\\/ca\\\/visita-guiada-cervesa-artesana\\\/\",\"name\":\"Visita guiada - Cervecer\u00eda L&#039;auda\u00e7 - La Somniada Coop.V\",\"isPartOf\":{\"@id\":\"https:\\\/\\\/lasomniada.com\\\/#website\"},\"primaryImageOfPage\":{\"@id\":\"https:\\\/\\\/lasomniada.com\\\/ca\\\/visita-guiada-cervesa-artesana\\\/#primaryimage\"},\"image\":{\"@id\":\"https:\\\/\\\/lasomniada.com\\\/ca\\\/visita-guiada-cervesa-artesana\\\/#primaryimage\"},\"thumbnailUrl\":\"https:\\\/\\\/lasomniada.com\\\/wp-content\\\/uploads\\\/2023\\\/03\\\/Visita-1024x768.jpeg\",\"datePublished\":\"2023-02-21T12:06:04+00:00\",\"dateModified\":\"2025-07-22T09:30:40+00:00\",\"description\":\"Vols con\u00e9ixer el proc\u00e9s d'elaboraci\u00f3 de la cervesa artesanal? Veuen a visitar la nostra f\u00e0brica de cervesa en Castellon - Soneja\",\"breadcrumb\":{\"@id\":\"https:\\\/\\\/lasomniada.com\\\/ca\\\/visita-guiada-cervesa-artesana\\\/#breadcrumb\"},\"inLanguage\":\"val\",\"potentialAction\":[{\"@type\":\"ReadAction\",\"target\":[\"https:\\\/\\\/lasomniada.com\\\/ca\\\/visita-guiada-cervesa-artesana\\\/\"]}]},{\"@type\":\"ImageObject\",\"inLanguage\":\"val\",\"@id\":\"https:\\\/\\\/lasomniada.com\\\/ca\\\/visita-guiada-cervesa-artesana\\\/#primaryimage\",\"url\":\"https:\\\/\\\/lasomniada.com\\\/wp-content\\\/uploads\\\/2023\\\/03\\\/Visita-1024x768.jpeg\",\"contentUrl\":\"https:\\\/\\\/lasomniada.com\\\/wp-content\\\/uploads\\\/2023\\\/03\\\/Visita-1024x768.jpeg\"},{\"@type\":\"BreadcrumbList\",\"@id\":\"https:\\\/\\\/lasomniada.com\\\/ca\\\/visita-guiada-cervesa-artesana\\\/#breadcrumb\",\"itemListElement\":[{\"@type\":\"ListItem\",\"position\":1,\"name\":\"Inicio\",\"item\":\"https:\\\/\\\/lasomniada.com\\\/ca\\\/\"},{\"@type\":\"ListItem\",\"position\":2,\"name\":\"Visita guiada\"}]},{\"@type\":\"WebSite\",\"@id\":\"https:\\\/\\\/lasomniada.com\\\/#website\",\"url\":\"https:\\\/\\\/lasomniada.com\\\/\",\"name\":\"La somniada\",\"description\":\"Cerveza artesana ecol\u00f3gica\",\"publisher\":{\"@id\":\"https:\\\/\\\/lasomniada.com\\\/#organization\"},\"alternateName\":\"L'auda\u00e7\",\"potentialAction\":[{\"@type\":\"SearchAction\",\"target\":{\"@type\":\"EntryPoint\",\"urlTemplate\":\"https:\\\/\\\/lasomniada.com\\\/?s={search_term_string}\"},\"query-input\":{\"@type\":\"PropertyValueSpecification\",\"valueRequired\":true,\"valueName\":\"search_term_string\"}}],\"inLanguage\":\"val\"},{\"@type\":\"Organization\",\"@id\":\"https:\\\/\\\/lasomniada.com\\\/#organization\",\"name\":\"La somniada\",\"alternateName\":\"L'auda\u00e7\",\"url\":\"https:\\\/\\\/lasomniada.com\\\/\",\"logo\":{\"@type\":\"ImageObject\",\"inLanguage\":\"val\",\"@id\":\"https:\\\/\\\/lasomniada.com\\\/#\\\/schema\\\/logo\\\/image\\\/\",\"url\":\"https:\\\/\\\/lasomniada.com\\\/wp-content\\\/uploads\\\/2023\\\/03\\\/audac.png\",\"contentUrl\":\"https:\\\/\\\/lasomniada.com\\\/wp-content\\\/uploads\\\/2023\\\/03\\\/audac.png\",\"width\":300,\"height\":300,\"caption\":\"La somniada\"},\"image\":{\"@id\":\"https:\\\/\\\/lasomniada.com\\\/#\\\/schema\\\/logo\\\/image\\\/\"},\"sameAs\":[\"https:\\\/\\\/www.facebook.com\\\/profile.php?id=100076092644625\",\"https:\\\/\\\/www.instagram.com\\\/lasomniada\\\/\",\"https:\\\/\\\/wwoof.es\\\/es\\\/host\\\/46496-elaboracion-de-cerveza-artesanal-y-ecologica\"]}]}<\/script>\n<!-- \/ Yoast SEO plugin. -->","yoast_head_json":{"title":"Visita guiada - Cervecer\u00eda L&#039;auda\u00e7 - La Somniada Coop.V","description":"Vols con\u00e9ixer el proc\u00e9s d'elaboraci\u00f3 de la cervesa artesanal? Veuen a visitar la nostra f\u00e0brica de cervesa en Castellon - Soneja","robots":{"index":"index","follow":"follow","max-snippet":"max-snippet:-1","max-image-preview":"max-image-preview:large","max-video-preview":"max-video-preview:-1"},"canonical":"https:\/\/lasomniada.com\/ca\/visita-guiada-cervesa-artesana\/","og_locale":"en_US","og_type":"article","og_title":"Visita guiada - Cervecer\u00eda L&#039;auda\u00e7 - La Somniada Coop.V","og_description":"Vols con\u00e9ixer el proc\u00e9s d'elaboraci\u00f3 de la cervesa artesanal? Veuen a visitar la nostra f\u00e0brica de cervesa en Castellon - Soneja","og_url":"https:\/\/lasomniada.com\/ca\/visita-guiada-cervesa-artesana\/","og_site_name":"Cervecer\u00eda L&#039;auda\u00e7 - La Somniada Coop.V","article_publisher":"https:\/\/www.facebook.com\/profile.php?id=100076092644625","article_modified_time":"2025-07-22T09:30:40+00:00","og_image":[{"width":1280,"height":960,"url":"https:\/\/lasomniada.com\/wp-content\/uploads\/2023\/03\/Visita.jpeg","type":"image\/jpeg"}],"twitter_card":"summary_large_image","twitter_misc":{"Est. reading time":"2 minutes"},"schema":{"@context":"https:\/\/schema.org","@graph":[{"@type":"WebPage","@id":"https:\/\/lasomniada.com\/ca\/visita-guiada-cervesa-artesana\/","url":"https:\/\/lasomniada.com\/ca\/visita-guiada-cervesa-artesana\/","name":"Visita guiada - Cervecer\u00eda L&#039;auda\u00e7 - La Somniada Coop.V","isPartOf":{"@id":"https:\/\/lasomniada.com\/#website"},"primaryImageOfPage":{"@id":"https:\/\/lasomniada.com\/ca\/visita-guiada-cervesa-artesana\/#primaryimage"},"image":{"@id":"https:\/\/lasomniada.com\/ca\/visita-guiada-cervesa-artesana\/#primaryimage"},"thumbnailUrl":"https:\/\/lasomniada.com\/wp-content\/uploads\/2023\/03\/Visita-1024x768.jpeg","datePublished":"2023-02-21T12:06:04+00:00","dateModified":"2025-07-22T09:30:40+00:00","description":"Vols con\u00e9ixer el proc\u00e9s d'elaboraci\u00f3 de la cervesa artesanal? Veuen a visitar la nostra f\u00e0brica de cervesa en Castellon - Soneja","breadcrumb":{"@id":"https:\/\/lasomniada.com\/ca\/visita-guiada-cervesa-artesana\/#breadcrumb"},"inLanguage":"val","potentialAction":[{"@type":"ReadAction","target":["https:\/\/lasomniada.com\/ca\/visita-guiada-cervesa-artesana\/"]}]},{"@type":"ImageObject","inLanguage":"val","@id":"https:\/\/lasomniada.com\/ca\/visita-guiada-cervesa-artesana\/#primaryimage","url":"https:\/\/lasomniada.com\/wp-content\/uploads\/2023\/03\/Visita-1024x768.jpeg","contentUrl":"https:\/\/lasomniada.com\/wp-content\/uploads\/2023\/03\/Visita-1024x768.jpeg"},{"@type":"BreadcrumbList","@id":"https:\/\/lasomniada.com\/ca\/visita-guiada-cervesa-artesana\/#breadcrumb","itemListElement":[{"@type":"ListItem","position":1,"name":"Inicio","item":"https:\/\/lasomniada.com\/ca\/"},{"@type":"ListItem","position":2,"name":"Visita guiada"}]},{"@type":"WebSite","@id":"https:\/\/lasomniada.com\/#website","url":"https:\/\/lasomniada.com\/","name":"La somniada","description":"Cerveza artesana ecol\u00f3gica","publisher":{"@id":"https:\/\/lasomniada.com\/#organization"},"alternateName":"L'auda\u00e7","potentialAction":[{"@type":"SearchAction","target":{"@type":"EntryPoint","urlTemplate":"https:\/\/lasomniada.com\/?s={search_term_string}"},"query-input":{"@type":"PropertyValueSpecification","valueRequired":true,"valueName":"search_term_string"}}],"inLanguage":"val"},{"@type":"Organization","@id":"https:\/\/lasomniada.com\/#organization","name":"La somniada","alternateName":"L'auda\u00e7","url":"https:\/\/lasomniada.com\/","logo":{"@type":"ImageObject","inLanguage":"val","@id":"https:\/\/lasomniada.com\/#\/schema\/logo\/image\/","url":"https:\/\/lasomniada.com\/wp-content\/uploads\/2023\/03\/audac.png","contentUrl":"https:\/\/lasomniada.com\/wp-content\/uploads\/2023\/03\/audac.png","width":300,"height":300,"caption":"La somniada"},"image":{"@id":"https:\/\/lasomniada.com\/#\/schema\/logo\/image\/"},"sameAs":["https:\/\/www.facebook.com\/profile.php?id=100076092644625","https:\/\/www.instagram.com\/lasomniada\/","https:\/\/wwoof.es\/es\/host\/46496-elaboracion-de-cerveza-artesanal-y-ecologica"]}]}},"_links":{"self":[{"href":"https:\/\/lasomniada.com\/ca\/wp-json\/wp\/v2\/pages\/525","targetHints":{"allow":["GET"]}}],"collection":[{"href":"https:\/\/lasomniada.com\/ca\/wp-json\/wp\/v2\/pages"}],"about":[{"href":"https:\/\/lasomniada.com\/ca\/wp-json\/wp\/v2\/types\/page"}],"author":[{"embeddable":true,"href":"https:\/\/lasomniada.com\/ca\/wp-json\/wp\/v2\/users\/1"}],"replies":[{"embeddable":true,"href":"https:\/\/lasomniada.com\/ca\/wp-json\/wp\/v2\/comments?post=525"}],"version-history":[{"count":13,"href":"https:\/\/lasomniada.com\/ca\/wp-json\/wp\/v2\/pages\/525\/revisions"}],"predecessor-version":[{"id":1261,"href":"https:\/\/lasomniada.com\/ca\/wp-json\/wp\/v2\/pages\/525\/revisions\/1261"}],"wp:attachment":[{"href":"https:\/\/lasomniada.com\/ca\/wp-json\/wp\/v2\/media?parent=525"}],"curies":[{"name":"wp","href":"https:\/\/api.w.org\/{rel}","templated":true}]}}