{"id":558,"date":"2023-02-16T14:58:09","date_gmt":"2023-02-16T14:58:09","guid":{"rendered":"https:\/\/lasomniada.com\/aviso-legal\/"},"modified":"2023-03-07T11:39:53","modified_gmt":"2023-03-07T11:39:53","slug":"avis-legal","status":"publish","type":"page","link":"https:\/\/lasomniada.com\/ca\/avis-legal\/","title":{"rendered":"Av\u00eds legal"},"content":{"rendered":"<section class=\"wpb-content-wrapper\">[vc_row][vc_column][vc_column_text]\n<div id=\"page\" class=\"site grid-container container hfeed grid-parent\">\n<div id=\"content\" class=\"site-content\">\n<div id=\"primary\" class=\"content-area grid-parent mobile-grid-100 grid-100 tablet-grid-100\">\n<p>&nbsp;<\/p>\n<article id=\"post-77\" class=\"post-77 page type-page status-publish\">\n<div class=\"inside-article\">\n<header class=\"entry-header\" aria-label=\"Contenido\">\n<h1 class=\"entry-title\">Av\u00eds legal<\/h1>\n<\/header>\n<div class=\"entry-content\">\n<p>1. CONDICIONS D&#8217;\u00daS<\/p>\n<p>En compliment de la Llei 34\/2002, d&#8217;11 de juliol, de serveis de la societat de la informaci\u00f3 i de comer\u00e7 La Somniada COOP. V., amb C.I.F. F-67678805 i domicili en C\/Vall d&#8217;Uix\u00f3 4, 12480 Soneja (Castell\u00f3) d&#8217;ara en avant <strong>La Somniada COOP. V<\/strong>, titular del lloc web www.lasomniada.com L&#8217;adre\u00e7a de correu electr\u00f2nic de contacte amb l&#8217;empresa \u00e9s: javi.coopagri@gmail.com.<\/p>\n<p>2. USUARI I R\u00c8GIM DE RESPONSABILITATS<\/p>\n<p>La navegaci\u00f3 per, acc\u00e9s i \u00fas dels llocs web de<strong> la Somniada COOP. V.<\/strong>\u00a0 atorga la condici\u00f3 d&#8217;usuari, per la qual s&#8217;accepten, en navegar per la p\u00e0gina de <strong>la Somniada COOP. V<\/strong> totes les condicions d&#8217;\u00fas que s&#8217;estableixen ac\u00ed sense perjudicar l&#8217;aplicaci\u00f3 de la corresponent normativa d&#8217;obligat compliment legal segons el cas.<\/p>\n<p>La p\u00e0gina web de <strong>la Somniada COOP. V<\/strong>\u00a0proporciona gran diversitat d&#8217;informaci\u00f3, serveis i dades. L&#8217;usuari assumeix la seua responsabilitat en l&#8217;\u00fas correcte dels llocs web. Aquesta responsabilitat s&#8217;estendr\u00e0 a: La veracitat i licitud de les informacions aportades per l&#8217;usuari en els formularis o mail emesos per <strong>la Somniada COOP. V<\/strong>\u00a0 per a accedir a determinats continguts o serveis oferits per la web.<\/p>\n<p>L&#8217;\u00fas de la informaci\u00f3, serveis i dades oferides per <strong>la Somniada COOP. V<\/strong> contra les disposicions d&#8217;aquestes condicions, la Llei, la moral, els bons costums o l&#8217;ordre p\u00fablic o que, en un altre cas, puguen suposar lesi\u00f3 dels drets de tercers o del funcionament dels llocs web. A aquest efecte, l&#8217;Usuari s&#8217;abstindr\u00e0 d&#8217;utilitzar qualsevol dels continguts amb finalitats o efectes il\u00b7l\u00edcits, prohibits en aquest text, lesius dels drets i interessos de tercers, o que de qualsevol forma puguen danyar, inutilitzar, sobrecarregar, deteriorar o impedir la normal utilitzaci\u00f3 dels continguts, altres Usuaris o de qualsevol usuari d&#8217;Internet (maquinari i programari).<\/p>\n<p>Els usuaris respondran dels danys i perjudicis de tota naturalesa que l&#8217;empresa propiet\u00e0ria de la web puga patir, directament o indirectament, a conseq\u00fc\u00e8ncia d&#8217;incompliment de qualsevol de les obligacions derivades de l&#8217;\u00fas de la Web i d&#8217;aquesta pol\u00edtica de privacitat.<\/p>\n<p>En particular, ja t\u00edtol merament indicatiu i no exhaustiu, l&#8217;Usuari es compromet a no transmetre, difondre o posar a la disposici\u00f3 de tercers informacions, dades, continguts, missatges, gr\u00e0fics, dibuixos, arxius de so i\/o imatge, fotografies de la web.<\/p>\n<p>3. POL\u00cdTICA D&#8217;ENLLA\u00c7OS I EXEMPCIONS DE RESPONSABILITAT<\/p>\n<p><strong>La Somniada COOP. V <\/strong>no es fa responsable del contingut de les p\u00e0gines web a les quals puga accedir l&#8217;usuari a trav\u00e9s dels enlla\u00e7os establits en els seus llocs web i declara que en cap cas examinar\u00e0 ni exercitar\u00e0 cap mena de control sobre el contingut d&#8217;altres p\u00e0gines de la xarxa.<\/p>\n<p>Aix\u00ed mateix, tampoc garanteix la disponibilitat t\u00e8cnica, exactitud, veracitat, validesa o legalitat de p\u00e0gines alienes a la seua propietat a les quals es puga accedir a trav\u00e9s dels enlla\u00e7os.<\/p>\n<p><strong>La Somniada COOP. V<\/strong> declara que ha adoptat totes les mesures necess\u00e0ries per a evitar qualsevol mal que puga derivar-se de la navegaci\u00f3 per les seues p\u00e0gines web. En conseq\u00fc\u00e8ncia, <strong>La Somniada COOP. V<\/strong> no es fa responsable, en cap cas, dels eventuals danys que puga patir l&#8217;usuari a causa de la navegaci\u00f3 per Internet.<\/p>\n<p><strong>La Somniada COOP. V<\/strong> no es responsabilitza dels danys o perjudicis de qualsevol tipus produ\u00efts en l&#8217;Usuari que porten causa de fallades o desconnexions en les xarxes de telecomunicacions que produ\u00efsquen la suspensi\u00f3, cancel\u00b7laci\u00f3, instal\u00b7laci\u00f3 o interrupci\u00f3 del servei de la web durant la prestaci\u00f3 del mateix o amb car\u00e0cter previ.<\/p>\n<p>L&#8217;acc\u00e9s a la web: <a href=\"https:\/\/lasomniada.com\/ca\/\"><strong>La Somniada<\/strong><\/a> no implica l&#8217;obligaci\u00f3 per part de l&#8217;empresa de controlar l&#8217;abs\u00e8ncia de virus o qualsevol altre element inform\u00e0tic nociu. Correspon a l&#8217;Usuari, en tot cas, la disponibilitat d&#8217;eines adequades per a la detecci\u00f3 i desinfecci\u00f3 de programes inform\u00e0tics nocius.<\/p>\n<p><strong>La Somniada COOP. V<\/strong> no es responsabilitza dels danys produ\u00efts en els equips inform\u00e0tics, documents i\/o fitxers dels Usuaris o de tercers durant la prestaci\u00f3 del servei en el Portal.<\/p>\n<p>4. PUBLICITAT<\/p>\n<p>La web<a href=\"http:\/\/www.lasomniada.com\"><strong> www.lasomniada.com<\/strong><\/a> podr\u00e0 allotjar continguts publicitaris o patrocinats. Els anunciants o patrocinadors s\u00f3n els \u00fanics responsables d&#8217;assegurar-se que el material rem\u00e9s per a la seua inclusi\u00f3 en la web compleix amb les lleis que en cada cas puguen ser aplicable.<\/p>\n<p><strong><a href=\"http:\/\/www.lasomniada.com\">lasomniada.com<\/a><\/strong> no ser\u00e0 responsable de qualsevol error, inexactitud o irregularitat que puguen contindre els continguts publicitaris o dels patrocinadors.<\/p>\n<p>5. MODIFICACIONS<\/p>\n<p><strong>La Somniada COOP. V<\/strong> es reserva el dret a realitzar les modificacions que considere oportunes, sense av\u00eds previ, en el contingut dels seus llocs web, tant quant als continguts dels llocs web com per les seues condicions d&#8217;\u00fas o per les condicions generals de contractaci\u00f3. Aquestes modificacions podran realitzar-se, a trav\u00e9s dels seus llocs web, de qualsevol forma admissible en dret i seran d&#8217;obligat compliment durant el temps que estiguen publicades en la web i fins que no siguen modificades per altres posteriors.<\/p>\n<p>L&#8217;usuari es compromet a abstindre&#8217;s de reproduir, copiar, distribuir, posar a disposici\u00f3 o de qualsevol altra forma comunicar p\u00fablicament, transformar o modificar els Continguts, llevat que es compte amb l&#8217;autoritzaci\u00f3 del titular dels corresponents drets o aix\u00f2.<\/p>\n<p>6. PROPIETAT INTEL\u00b7LECTUAL<\/p>\n<p>Els drets de propietat intel\u00b7lectual i industrial derivats de tots els textos, imatges, aix\u00ed com dels mitjans i formes de presentaci\u00f3 i muntatge de les seues p\u00e0gines pertanyen, per si mateixos o com a cession\u00e0ria, a <strong>la Somniada COOP. V<\/strong>\u00a0 Seran, per tant, obres protegides amb propietat intel\u00b7lectual per l&#8217;ordenament jur\u00eddic espanyol i se&#8217;ls podr\u00e0 aplicar tant la normativa espanyola i comunit\u00e0ria en aquest camp, com els tractats internacionals relatius a la mat\u00e8ria i subscrits per Espanya.<\/p>\n<p>Tots els drets reservats. En compliment de la Llei de la Propietat Intel\u00b7lectual es prohibeix expressament la reproducci\u00f3, distribuci\u00f3, comunicaci\u00f3 p\u00fablica i utilitzaci\u00f3 de la totalitat o part dels continguts de les seues p\u00e0gines web sense el consentiment expl\u00edcit de <strong>la Somniada COOP. V.\u00a0<\/strong><\/p>\n<p>Aix\u00ed mateix, <strong>La Somniada COOP. V<\/strong> es reserva la facultat de presentar les accions civils o penals que considere oportunes per la utilitzaci\u00f3 indeguda de les seues p\u00e0gines web i continguts o per l&#8217;incompliment d&#8217;aquestes condicions.<\/p>\n<p>7. ACCIONS LEGAL, LEGISLACI\u00d3 APLICABLE I JURISDICCI\u00d3<\/p>\n<p>La relaci\u00f3 entre l&#8217;usuari i <strong>La Somniada COOP. V<\/strong> es regir\u00e0 per la normativa espanyola vigent i seran competents per a decidir sobre qualsevol controv\u00e8rsia que puga sorgir entre l&#8217;usuari i <strong>La Somniada COOP. V<\/strong> els jutjats o tribunals de la localitat de VAL\u00c8NCIA (ESPANYA).<\/p>\n<\/div>\n<\/div>\n<\/article>\n<p>&nbsp;<\/p>\n<\/div>\n<\/div>\n<\/div>\n[\/vc_column_text][vc_column_text]<a href=\"https:\/\/lasomniada.com\/aviso-legal\/\" target=\"_blank\" rel=\"noopener\">Aviso Legal <\/a>| <a href=\"https:\/\/lasomniada.com\/politica-de-privacidad\/\" target=\"_blank\" rel=\"noopener\">Pol\u00edtica de privacidad<\/a> | <a href=\"https:\/\/lasomniada.com\/politica-de-cookies\/\" target=\"_blank\" rel=\"noopener\">Cookies\u00a0<\/a>| <a href=\"https:\/\/lasomniada.com\/condiciones-generales-de-contratacion\/\" target=\"_blank\" rel=\"noopener\">Condiciones generales de contrataci\u00f3n\u00a0<\/a>[\/vc_column_text][\/vc_column][\/vc_row]\n<\/section>","protected":false},"excerpt":{"rendered":"[vc_row][vc_column][vc_column_text] &nbsp; Av\u00eds legal 1. CONDICIONS D&#8217;\u00daS En compliment de la Llei 34\/2002, d&#8217;11 de juliol, de serveis de la societat de la informaci\u00f3 i de comer\u00e7 La Somniada COOP. V., amb C.I.F. F-67678805 i domicili en C\/Vall d&#8217;Uix\u00f3 4, 12480 Soneja (Castell\u00f3) d&#8217;ara en avant La Somniada COOP. V, titular del lloc web www.lasomniada.com&hellip; <a class=\"continue\" href=\"https:\/\/lasomniada.com\/ca\/avis-legal\/\">leer m\u00e1s<span> Av\u00eds legal<\/span><\/a><\/p>\n","protected":false},"author":1,"featured_media":0,"parent":0,"menu_order":0,"comment_status":"closed","ping_status":"closed","template":"","meta":{"footnotes":""},"class_list":["post-558","page","type-page","status-publish","hentry"],"yoast_head":"<!-- This site is optimized with the Yoast SEO plugin v27.4 - https:\/\/yoast.com\/product\/yoast-seo-wordpress\/ -->\n<title>Av\u00eds legal - Cervecer\u00eda L&#039;auda\u00e7 - La Somniada Coop.V<\/title>\n<meta name=\"robots\" content=\"index, follow, max-snippet:-1, max-image-preview:large, max-video-preview:-1\" \/>\n<link rel=\"canonical\" href=\"https:\/\/lasomniada.com\/ca\/avis-legal\/\" \/>\n<meta property=\"og:locale\" content=\"en_US\" \/>\n<meta property=\"og:type\" content=\"article\" \/>\n<meta property=\"og:title\" content=\"Av\u00eds legal - Cervecer\u00eda L&#039;auda\u00e7 - La Somniada Coop.V\" \/>\n<meta property=\"og:description\" content=\"[vc_row][vc_column][vc_column_text] &nbsp; Av\u00eds legal 1. CONDICIONS D&#8217;\u00daS En compliment de la Llei 34\/2002, d&#8217;11 de juliol, de serveis de la societat de la informaci\u00f3 i de comer\u00e7 La Somniada COOP. V., amb C.I.F. F-67678805 i domicili en C\/Vall d&#8217;Uix\u00f3 4, 12480 Soneja (Castell\u00f3) d&#8217;ara en avant La Somniada COOP. V, titular del lloc web www.lasomniada.com&hellip; leer m\u00e1s Av\u00eds legal\" \/>\n<meta property=\"og:url\" content=\"https:\/\/lasomniada.com\/ca\/avis-legal\/\" \/>\n<meta property=\"og:site_name\" content=\"Cervecer\u00eda L&#039;auda\u00e7 - La Somniada Coop.V\" \/>\n<meta property=\"article:publisher\" content=\"https:\/\/www.facebook.com\/profile.php?id=100076092644625\" \/>\n<meta property=\"article:modified_time\" content=\"2023-03-07T11:39:53+00:00\" \/>\n<meta name=\"twitter:card\" content=\"summary_large_image\" \/>\n<meta name=\"twitter:label1\" content=\"Est. reading time\" \/>\n\t<meta name=\"twitter:data1\" content=\"5 minutes\" \/>\n<script type=\"application\/ld+json\" class=\"yoast-schema-graph\">{\"@context\":\"https:\\\/\\\/schema.org\",\"@graph\":[{\"@type\":\"WebPage\",\"@id\":\"https:\\\/\\\/lasomniada.com\\\/ca\\\/avis-legal\\\/\",\"url\":\"https:\\\/\\\/lasomniada.com\\\/ca\\\/avis-legal\\\/\",\"name\":\"Av\u00eds legal - Cervecer\u00eda L&#039;auda\u00e7 - La Somniada Coop.V\",\"isPartOf\":{\"@id\":\"https:\\\/\\\/lasomniada.com\\\/#website\"},\"datePublished\":\"2023-02-16T14:58:09+00:00\",\"dateModified\":\"2023-03-07T11:39:53+00:00\",\"breadcrumb\":{\"@id\":\"https:\\\/\\\/lasomniada.com\\\/ca\\\/avis-legal\\\/#breadcrumb\"},\"inLanguage\":\"val\",\"potentialAction\":[{\"@type\":\"ReadAction\",\"target\":[\"https:\\\/\\\/lasomniada.com\\\/ca\\\/avis-legal\\\/\"]}]},{\"@type\":\"BreadcrumbList\",\"@id\":\"https:\\\/\\\/lasomniada.com\\\/ca\\\/avis-legal\\\/#breadcrumb\",\"itemListElement\":[{\"@type\":\"ListItem\",\"position\":1,\"name\":\"Inicio\",\"item\":\"https:\\\/\\\/lasomniada.com\\\/ca\\\/\"},{\"@type\":\"ListItem\",\"position\":2,\"name\":\"Av\u00eds legal\"}]},{\"@type\":\"WebSite\",\"@id\":\"https:\\\/\\\/lasomniada.com\\\/#website\",\"url\":\"https:\\\/\\\/lasomniada.com\\\/\",\"name\":\"La somniada\",\"description\":\"Cerveza artesana ecol\u00f3gica\",\"publisher\":{\"@id\":\"https:\\\/\\\/lasomniada.com\\\/#organization\"},\"alternateName\":\"L'auda\u00e7\",\"potentialAction\":[{\"@type\":\"SearchAction\",\"target\":{\"@type\":\"EntryPoint\",\"urlTemplate\":\"https:\\\/\\\/lasomniada.com\\\/?s={search_term_string}\"},\"query-input\":{\"@type\":\"PropertyValueSpecification\",\"valueRequired\":true,\"valueName\":\"search_term_string\"}}],\"inLanguage\":\"val\"},{\"@type\":\"Organization\",\"@id\":\"https:\\\/\\\/lasomniada.com\\\/#organization\",\"name\":\"La somniada\",\"alternateName\":\"L'auda\u00e7\",\"url\":\"https:\\\/\\\/lasomniada.com\\\/\",\"logo\":{\"@type\":\"ImageObject\",\"inLanguage\":\"val\",\"@id\":\"https:\\\/\\\/lasomniada.com\\\/#\\\/schema\\\/logo\\\/image\\\/\",\"url\":\"https:\\\/\\\/lasomniada.com\\\/wp-content\\\/uploads\\\/2023\\\/03\\\/audac.png\",\"contentUrl\":\"https:\\\/\\\/lasomniada.com\\\/wp-content\\\/uploads\\\/2023\\\/03\\\/audac.png\",\"width\":300,\"height\":300,\"caption\":\"La somniada\"},\"image\":{\"@id\":\"https:\\\/\\\/lasomniada.com\\\/#\\\/schema\\\/logo\\\/image\\\/\"},\"sameAs\":[\"https:\\\/\\\/www.facebook.com\\\/profile.php?id=100076092644625\",\"https:\\\/\\\/www.instagram.com\\\/lasomniada\\\/\",\"https:\\\/\\\/wwoof.es\\\/es\\\/host\\\/46496-elaboracion-de-cerveza-artesanal-y-ecologica\"]}]}<\/script>\n<!-- \/ Yoast SEO plugin. -->","yoast_head_json":{"title":"Av\u00eds legal - Cervecer\u00eda L&#039;auda\u00e7 - La Somniada Coop.V","robots":{"index":"index","follow":"follow","max-snippet":"max-snippet:-1","max-image-preview":"max-image-preview:large","max-video-preview":"max-video-preview:-1"},"canonical":"https:\/\/lasomniada.com\/ca\/avis-legal\/","og_locale":"en_US","og_type":"article","og_title":"Av\u00eds legal - Cervecer\u00eda L&#039;auda\u00e7 - La Somniada Coop.V","og_description":"[vc_row][vc_column][vc_column_text] &nbsp; Av\u00eds legal 1. CONDICIONS D&#8217;\u00daS En compliment de la Llei 34\/2002, d&#8217;11 de juliol, de serveis de la societat de la informaci\u00f3 i de comer\u00e7 La Somniada COOP. V., amb C.I.F. F-67678805 i domicili en C\/Vall d&#8217;Uix\u00f3 4, 12480 Soneja (Castell\u00f3) d&#8217;ara en avant La Somniada COOP. V, titular del lloc web www.lasomniada.com&hellip; leer m\u00e1s Av\u00eds legal","og_url":"https:\/\/lasomniada.com\/ca\/avis-legal\/","og_site_name":"Cervecer\u00eda L&#039;auda\u00e7 - La Somniada Coop.V","article_publisher":"https:\/\/www.facebook.com\/profile.php?id=100076092644625","article_modified_time":"2023-03-07T11:39:53+00:00","twitter_card":"summary_large_image","twitter_misc":{"Est. reading time":"5 minutes"},"schema":{"@context":"https:\/\/schema.org","@graph":[{"@type":"WebPage","@id":"https:\/\/lasomniada.com\/ca\/avis-legal\/","url":"https:\/\/lasomniada.com\/ca\/avis-legal\/","name":"Av\u00eds legal - Cervecer\u00eda L&#039;auda\u00e7 - La Somniada Coop.V","isPartOf":{"@id":"https:\/\/lasomniada.com\/#website"},"datePublished":"2023-02-16T14:58:09+00:00","dateModified":"2023-03-07T11:39:53+00:00","breadcrumb":{"@id":"https:\/\/lasomniada.com\/ca\/avis-legal\/#breadcrumb"},"inLanguage":"val","potentialAction":[{"@type":"ReadAction","target":["https:\/\/lasomniada.com\/ca\/avis-legal\/"]}]},{"@type":"BreadcrumbList","@id":"https:\/\/lasomniada.com\/ca\/avis-legal\/#breadcrumb","itemListElement":[{"@type":"ListItem","position":1,"name":"Inicio","item":"https:\/\/lasomniada.com\/ca\/"},{"@type":"ListItem","position":2,"name":"Av\u00eds legal"}]},{"@type":"WebSite","@id":"https:\/\/lasomniada.com\/#website","url":"https:\/\/lasomniada.com\/","name":"La somniada","description":"Cerveza artesana ecol\u00f3gica","publisher":{"@id":"https:\/\/lasomniada.com\/#organization"},"alternateName":"L'auda\u00e7","potentialAction":[{"@type":"SearchAction","target":{"@type":"EntryPoint","urlTemplate":"https:\/\/lasomniada.com\/?s={search_term_string}"},"query-input":{"@type":"PropertyValueSpecification","valueRequired":true,"valueName":"search_term_string"}}],"inLanguage":"val"},{"@type":"Organization","@id":"https:\/\/lasomniada.com\/#organization","name":"La somniada","alternateName":"L'auda\u00e7","url":"https:\/\/lasomniada.com\/","logo":{"@type":"ImageObject","inLanguage":"val","@id":"https:\/\/lasomniada.com\/#\/schema\/logo\/image\/","url":"https:\/\/lasomniada.com\/wp-content\/uploads\/2023\/03\/audac.png","contentUrl":"https:\/\/lasomniada.com\/wp-content\/uploads\/2023\/03\/audac.png","width":300,"height":300,"caption":"La somniada"},"image":{"@id":"https:\/\/lasomniada.com\/#\/schema\/logo\/image\/"},"sameAs":["https:\/\/www.facebook.com\/profile.php?id=100076092644625","https:\/\/www.instagram.com\/lasomniada\/","https:\/\/wwoof.es\/es\/host\/46496-elaboracion-de-cerveza-artesanal-y-ecologica"]}]}},"_links":{"self":[{"href":"https:\/\/lasomniada.com\/ca\/wp-json\/wp\/v2\/pages\/558","targetHints":{"allow":["GET"]}}],"collection":[{"href":"https:\/\/lasomniada.com\/ca\/wp-json\/wp\/v2\/pages"}],"about":[{"href":"https:\/\/lasomniada.com\/ca\/wp-json\/wp\/v2\/types\/page"}],"author":[{"embeddable":true,"href":"https:\/\/lasomniada.com\/ca\/wp-json\/wp\/v2\/users\/1"}],"replies":[{"embeddable":true,"href":"https:\/\/lasomniada.com\/ca\/wp-json\/wp\/v2\/comments?post=558"}],"version-history":[{"count":2,"href":"https:\/\/lasomniada.com\/ca\/wp-json\/wp\/v2\/pages\/558\/revisions"}],"predecessor-version":[{"id":564,"href":"https:\/\/lasomniada.com\/ca\/wp-json\/wp\/v2\/pages\/558\/revisions\/564"}],"wp:attachment":[{"href":"https:\/\/lasomniada.com\/ca\/wp-json\/wp\/v2\/media?parent=558"}],"curies":[{"name":"wp","href":"https:\/\/api.w.org\/{rel}","templated":true}]}}