{"id":578,"date":"2023-02-16T15:00:51","date_gmt":"2023-02-16T15:00:51","guid":{"rendered":"https:\/\/lasomniada.com\/politica-de-cookies\/"},"modified":"2023-03-06T13:54:57","modified_gmt":"2023-03-06T13:54:57","slug":"politica-de-cookies","status":"publish","type":"page","link":"https:\/\/lasomniada.com\/ca\/politica-de-cookies\/","title":{"rendered":"Pol\u00edtica de cookies"},"content":{"rendered":"<section class=\"wpb-content-wrapper\">[vc_row][vc_column][vc_column_text]\n<header class=\"entry-header\" aria-label=\"Contenido\">\n<h1 class=\"entry-title\">Pol\u00edtica de cookies<\/h1>\n<\/header>\n<div class=\"entry-content\">\n<div id=\"cmplz-document\" class=\"cmplz-document cookie-statement cmplz-document-eu\">\n<p><i>Aquesta Pol\u00edtica de cookies va ser actualitzada per \u00faltima vegada el 11\/07\/2022 i s&#8217;aplica als ciutadans i residents legals permanents de l&#8217;Espai Econ\u00f2mic Europeu i Su\u00efssa.<\/i><\/p>\n<h2>1. Introducci\u00f3<\/h2>\n<p>La nostra web, https:\/\/lasomniada.com (d&#8217;ara en avant: \u00abla web\u00bb) utilitza cookies i altres tecnologies relacionades (per a major comoditat, totes les tecnologies es denominen \u00abcookies\u00bb). Les cookies tamb\u00e9 s\u00f3n col\u00b7locades per tercers als quals hem contractat. En el seg\u00fcent document t&#8217;informem sobre l&#8217;\u00fas de cookies en la nostra web.<\/p>\n<h2>2. Qu\u00e8 s\u00f3n les cookies?<\/h2>\n<p>Una cookie \u00e9s un xicotet arxiu que s&#8217;envia juntament amb les p\u00e0gines d&#8217;aquesta web i que el seu navegador emmagatzema en el disc dur del seu ordinador o un altre dispositiu. La informaci\u00f3 emmagatzemada pot ser retornada als nostres servidors o als servidors de tercers apropiats durant una visita posterior.<\/p>\n<h2>3. Qu\u00e8 s\u00f3n els scripts?<\/h2>\n<p>Un script \u00e9s un fragment de codi de programa que s&#8217;utilitza per a fer que la nostra web funcione correctament i de manera interactiva. Aquest codi s&#8217;executa en el nostre servidor o en el seu dispositiu.<\/p>\n<h2>4. Qu\u00e8 \u00e9s un web beacon?<\/h2>\n<p>Una balisa web (o una etiqueta de p\u00edxel) \u00e9s una xicoteta i invisible pe\u00e7a de text o imatge en una web que s&#8217;utilitza per a monitorar el tr\u00e0nsit en una web. Per a aix\u00f2, s&#8217;emmagatzemen diverses dades sobre vost\u00e9 mitjan\u00e7ant aquestes balises web.<\/p>\n<h2>5. Cookies<\/h2>\n<p class=\"cmplz-subtitle\">5.1 Cookies t\u00e8cniques o funcionals<\/p>\n<p>Algunes cookies asseguren que unes certes parts de la web funcionen correctament i que les teues prefer\u00e8ncies d&#8217;usuari continuen recordant-se. En col\u00b7locar cookies funcionals, et facilitem la visita a la nostra web. D&#8217;aquesta manera, no necessites introduir repetidament la mateixa informaci\u00f3 quan visites la nostra web i, per exemple, els articles romanen en la teua cistella de la compra fins que hages pagat. Podem col\u00b7locar aquestes cookies sense el teu consentiment.<\/p>\n<h2>6. Cookies usades<\/h2>\n<div id=\"cmplz-cookies-overview\">\n<details class=\"cmplz-dropdown cmplz-service-desc cmplz-dropdown-cookiepolicy \">\n<div>\n<h3>Varis<\/h3>\n<p>Prop\u00f2sit pendent d&#8217;investigaci\u00f3<\/p>\n<p><label class=\"cmplz_consent_per_service_label\" for=\"cmplz_service_varios\"><span class=\"screen-reader-text\">Consent to service varios<\/span><\/label><\/p>\n<\/div>\n<\/details>\n<\/div>\n<h2>7. Consentiment<\/h2>\n<p>Quan visites la nostra web per primera vegada, et mostrarem una finestra emergent amb una explicaci\u00f3 sobre les cookies. Tan prompte com faces clic a \u00abGuardar prefer\u00e8ncies\u00bb, acceptes que usem les categories de cookies i plugins que has seleccionat en la finestra emergent, tal com es descriu en aquesta pol\u00edtica de cookies. Pots desactivar l&#8217;\u00fas de cookies a trav\u00e9s del teu navegador, per\u00f2, per favor, tingues en compte que la nostra web pot deixar de funcionar correctament.<\/p>\n<p class=\"cmplz-subtitle\">7.1 Gestiona els teus ajustos de consentiment<\/p>\n<div id=\"cmplz-manage-consent-container\" class=\"cmplz-manage-consent-container\">\n<div class=\"cmplz-categories\">\n<details class=\"cmplz-category cmplz-functional\">\n<summary><span class=\"cmplz-category-header\"> <span class=\"cmplz-category-title\">Funcional<\/span> <span class=\"cmplz-always-active\"> Siempre activo <\/span> <\/span><\/summary>\n<\/details>\n<\/div>\n<\/div>\n<\/div>\n<\/div>\n<div id=\"cmplz-manage-consent-container\" class=\"cmplz-manage-consent-container\">\n<div class=\"cmplz-categories\"><\/div>\n<\/div>\n<h2>8. Activaci\u00f3\/ desactivaci\u00f3 i eliminaci\u00f3 de cookies<\/h2>\n<p>Pots utilitzar el teu navegador d&#8217;Internet per a eliminar les cookies de manera autom\u00e0tica o manual. Tamb\u00e9 pots especificar que unes certes cookies no poden ser col\u00b7locades. Una altra opci\u00f3 \u00e9s canviar els ajustos del teu navegador d&#8217;Internet perqu\u00e8 rebes un missatge cada vegada que es col\u00b7loca una cookie. Per a obtindre m\u00e9s informaci\u00f3 sobre aquestes opcions, consulta les instruccions de la secci\u00f3 \u00abAjuda\u00bb del teu navegador.<\/p>\n<p>Tingues en compte que la nostra web pot no funcionar correctament si totes les cookies estan desactivades. Si esborres les cookies del teu navegador, es tornaran a col\u00b7locar despr\u00e9s del teu consentiment quan tornes a visitar les nostres webs.<\/p>\n<h2>9. Els teus drets respecte a les dades personals<\/h2>\n<p>Tens els seg\u00fcents drets respecte a les teues dades personals:<\/p>\n<ul>\n<li>T\u00e9 dret a saber per qu\u00e8 es necessiten les teues dades personals, qu\u00e8 succeir\u00e0 amb ells i durant quant temps es conservaran.<\/li>\n<li>Dret d&#8217;acc\u00e9s: tens dret a accedir a les teues dades personals que coneixem.<\/li>\n<li>Dret de rectificaci\u00f3: tens dret a completar, rectificar, esborrar o bloquejar les teues dades personals quan ho desitges.<\/li>\n<li>Si ens dones el teu consentiment per a processar les teues dades, tens dret a revocar aquest consentiment i al fet que s&#8217;eliminen les teues dades personals.<\/li>\n<li>Dret de cessi\u00f3 de les teues dades: tens dret a sol\u00b7licitar totes les teues dades personals al responsable del tractament i a transferir-los \u00edntegrament a un altre responsable del tractament.<\/li>\n<li>Dret d&#8217;oposici\u00f3: pots oposar-te al tractament de les teues dades. Nosaltres complim amb aix\u00f2, llevat que existisquen motius justificats per al processament.<\/li>\n<\/ul>\n<p>Per a exercir aquests drets, per favor, contacta amb nosaltres. Per favor, consulta els detalls de contacte en la part inferior d&#8217;aquesta pol\u00edtica de cookies. Si tens alguna queixa sobre com gestionem les teues dades, ens agradaria que ens la feres saber, per\u00f2 tamb\u00e9 tens dret a enviar una queixa a l&#8217;autoritat supervisora (l&#8217;autoritat de protecci\u00f3 de dades).<\/p>\n<h2>10. Dades de contacte<\/h2>\n<p>Per a preguntes i\/o comentaris sobre la nostra pol\u00edtica de cookies i aquesta declaraci\u00f3, per favor, contacta amb nosaltres usant les seg\u00fcents dades de contacte:<\/p>\n<p><span class=\"cmplz-contact-organisation\">La Somniada Coop. V.<\/span><br \/>\n<span class=\"cmplz-contact-address\">C\/Vall d\u2019Uix\u00f3 4, 12480 Soneja (Castell\u00f3)<\/span><br \/>\n<span class=\"cmplz-contact-country\">Espanya<\/span><br \/>\nWeb: <span class=\"cmplz-contact-domain\"><a href=\"https:\/\/lasomniada.com\/ca\/\">https:\/\/lasomniada.com<\/a><\/span><br \/>\nCorreu electr\u00f2nic: <span class=\"cmplz-contact-email\"><span class=\"cmplz-obfuscate\">moc.liamg@irgapooc.ivaj<\/span><\/span><\/p>\n<p>Esta pol\u00edtica de cookies ha sido sincronizada con cookiedatabase.org el 11\/07\/2022.[\/vc_column_text][\/vc_column][\/vc_row]\n<\/section>","protected":false},"excerpt":{"rendered":"[vc_row][vc_column][vc_column_text] Pol\u00edtica de cookies Aquesta Pol\u00edtica de cookies va ser actualitzada per \u00faltima vegada el 11\/07\/2022 i s&#8217;aplica als ciutadans i residents legals permanents de l&#8217;Espai Econ\u00f2mic Europeu i Su\u00efssa. 1. Introducci\u00f3 La nostra web, https:\/\/lasomniada.com (d&#8217;ara en avant: \u00abla web\u00bb) utilitza cookies i altres tecnologies relacionades (per a major comoditat, totes les tecnologies es&hellip; <a class=\"continue\" href=\"https:\/\/lasomniada.com\/ca\/politica-de-cookies\/\">leer m\u00e1s<span> Pol\u00edtica de cookies<\/span><\/a><\/p>\n","protected":false},"author":1,"featured_media":0,"parent":0,"menu_order":0,"comment_status":"closed","ping_status":"closed","template":"","meta":{"footnotes":""},"class_list":["post-578","page","type-page","status-publish","hentry"],"yoast_head":"<!-- This site is optimized with the Yoast SEO plugin v27.4 - https:\/\/yoast.com\/product\/yoast-seo-wordpress\/ -->\n<title>Pol\u00edtica de cookies - Cervecer\u00eda L&#039;auda\u00e7 - La Somniada Coop.V<\/title>\n<meta name=\"robots\" content=\"index, follow, max-snippet:-1, max-image-preview:large, max-video-preview:-1\" \/>\n<link rel=\"canonical\" href=\"https:\/\/lasomniada.com\/ca\/politica-de-cookies\/\" \/>\n<meta property=\"og:locale\" content=\"en_US\" \/>\n<meta property=\"og:type\" content=\"article\" \/>\n<meta property=\"og:title\" content=\"Pol\u00edtica de cookies - Cervecer\u00eda L&#039;auda\u00e7 - La Somniada Coop.V\" \/>\n<meta property=\"og:description\" content=\"[vc_row][vc_column][vc_column_text] Pol\u00edtica de cookies Aquesta Pol\u00edtica de cookies va ser actualitzada per \u00faltima vegada el 11\/07\/2022 i s&#8217;aplica als ciutadans i residents legals permanents de l&#8217;Espai Econ\u00f2mic Europeu i Su\u00efssa. 1. Introducci\u00f3 La nostra web, https:\/\/lasomniada.com (d&#8217;ara en avant: \u00abla web\u00bb) utilitza cookies i altres tecnologies relacionades (per a major comoditat, totes les tecnologies es&hellip; leer m\u00e1s Pol\u00edtica de cookies\" \/>\n<meta property=\"og:url\" content=\"https:\/\/lasomniada.com\/ca\/politica-de-cookies\/\" \/>\n<meta property=\"og:site_name\" content=\"Cervecer\u00eda L&#039;auda\u00e7 - La Somniada Coop.V\" \/>\n<meta property=\"article:publisher\" content=\"https:\/\/www.facebook.com\/profile.php?id=100076092644625\" \/>\n<meta property=\"article:modified_time\" content=\"2023-03-06T13:54:57+00:00\" \/>\n<meta name=\"twitter:card\" content=\"summary_large_image\" \/>\n<meta name=\"twitter:label1\" content=\"Est. reading time\" \/>\n\t<meta name=\"twitter:data1\" content=\"4 minutes\" \/>\n<script type=\"application\/ld+json\" class=\"yoast-schema-graph\">{\"@context\":\"https:\\\/\\\/schema.org\",\"@graph\":[{\"@type\":\"WebPage\",\"@id\":\"https:\\\/\\\/lasomniada.com\\\/ca\\\/politica-de-cookies\\\/\",\"url\":\"https:\\\/\\\/lasomniada.com\\\/ca\\\/politica-de-cookies\\\/\",\"name\":\"Pol\u00edtica de cookies - Cervecer\u00eda L&#039;auda\u00e7 - La Somniada Coop.V\",\"isPartOf\":{\"@id\":\"https:\\\/\\\/lasomniada.com\\\/#website\"},\"datePublished\":\"2023-02-16T15:00:51+00:00\",\"dateModified\":\"2023-03-06T13:54:57+00:00\",\"breadcrumb\":{\"@id\":\"https:\\\/\\\/lasomniada.com\\\/ca\\\/politica-de-cookies\\\/#breadcrumb\"},\"inLanguage\":\"val\",\"potentialAction\":[{\"@type\":\"ReadAction\",\"target\":[\"https:\\\/\\\/lasomniada.com\\\/ca\\\/politica-de-cookies\\\/\"]}]},{\"@type\":\"BreadcrumbList\",\"@id\":\"https:\\\/\\\/lasomniada.com\\\/ca\\\/politica-de-cookies\\\/#breadcrumb\",\"itemListElement\":[{\"@type\":\"ListItem\",\"position\":1,\"name\":\"Inicio\",\"item\":\"https:\\\/\\\/lasomniada.com\\\/ca\\\/\"},{\"@type\":\"ListItem\",\"position\":2,\"name\":\"Pol\u00edtica de cookies\"}]},{\"@type\":\"WebSite\",\"@id\":\"https:\\\/\\\/lasomniada.com\\\/#website\",\"url\":\"https:\\\/\\\/lasomniada.com\\\/\",\"name\":\"La somniada\",\"description\":\"Cerveza artesana ecol\u00f3gica\",\"publisher\":{\"@id\":\"https:\\\/\\\/lasomniada.com\\\/#organization\"},\"alternateName\":\"L'auda\u00e7\",\"potentialAction\":[{\"@type\":\"SearchAction\",\"target\":{\"@type\":\"EntryPoint\",\"urlTemplate\":\"https:\\\/\\\/lasomniada.com\\\/?s={search_term_string}\"},\"query-input\":{\"@type\":\"PropertyValueSpecification\",\"valueRequired\":true,\"valueName\":\"search_term_string\"}}],\"inLanguage\":\"val\"},{\"@type\":\"Organization\",\"@id\":\"https:\\\/\\\/lasomniada.com\\\/#organization\",\"name\":\"La somniada\",\"alternateName\":\"L'auda\u00e7\",\"url\":\"https:\\\/\\\/lasomniada.com\\\/\",\"logo\":{\"@type\":\"ImageObject\",\"inLanguage\":\"val\",\"@id\":\"https:\\\/\\\/lasomniada.com\\\/#\\\/schema\\\/logo\\\/image\\\/\",\"url\":\"https:\\\/\\\/lasomniada.com\\\/wp-content\\\/uploads\\\/2023\\\/03\\\/audac.png\",\"contentUrl\":\"https:\\\/\\\/lasomniada.com\\\/wp-content\\\/uploads\\\/2023\\\/03\\\/audac.png\",\"width\":300,\"height\":300,\"caption\":\"La somniada\"},\"image\":{\"@id\":\"https:\\\/\\\/lasomniada.com\\\/#\\\/schema\\\/logo\\\/image\\\/\"},\"sameAs\":[\"https:\\\/\\\/www.facebook.com\\\/profile.php?id=100076092644625\",\"https:\\\/\\\/www.instagram.com\\\/lasomniada\\\/\",\"https:\\\/\\\/wwoof.es\\\/es\\\/host\\\/46496-elaboracion-de-cerveza-artesanal-y-ecologica\"]}]}<\/script>\n<!-- \/ Yoast SEO plugin. -->","yoast_head_json":{"title":"Pol\u00edtica de cookies - Cervecer\u00eda L&#039;auda\u00e7 - La Somniada Coop.V","robots":{"index":"index","follow":"follow","max-snippet":"max-snippet:-1","max-image-preview":"max-image-preview:large","max-video-preview":"max-video-preview:-1"},"canonical":"https:\/\/lasomniada.com\/ca\/politica-de-cookies\/","og_locale":"en_US","og_type":"article","og_title":"Pol\u00edtica de cookies - Cervecer\u00eda L&#039;auda\u00e7 - La Somniada Coop.V","og_description":"[vc_row][vc_column][vc_column_text] Pol\u00edtica de cookies Aquesta Pol\u00edtica de cookies va ser actualitzada per \u00faltima vegada el 11\/07\/2022 i s&#8217;aplica als ciutadans i residents legals permanents de l&#8217;Espai Econ\u00f2mic Europeu i Su\u00efssa. 1. Introducci\u00f3 La nostra web, https:\/\/lasomniada.com (d&#8217;ara en avant: \u00abla web\u00bb) utilitza cookies i altres tecnologies relacionades (per a major comoditat, totes les tecnologies es&hellip; leer m\u00e1s Pol\u00edtica de cookies","og_url":"https:\/\/lasomniada.com\/ca\/politica-de-cookies\/","og_site_name":"Cervecer\u00eda L&#039;auda\u00e7 - La Somniada Coop.V","article_publisher":"https:\/\/www.facebook.com\/profile.php?id=100076092644625","article_modified_time":"2023-03-06T13:54:57+00:00","twitter_card":"summary_large_image","twitter_misc":{"Est. reading time":"4 minutes"},"schema":{"@context":"https:\/\/schema.org","@graph":[{"@type":"WebPage","@id":"https:\/\/lasomniada.com\/ca\/politica-de-cookies\/","url":"https:\/\/lasomniada.com\/ca\/politica-de-cookies\/","name":"Pol\u00edtica de cookies - Cervecer\u00eda L&#039;auda\u00e7 - La Somniada Coop.V","isPartOf":{"@id":"https:\/\/lasomniada.com\/#website"},"datePublished":"2023-02-16T15:00:51+00:00","dateModified":"2023-03-06T13:54:57+00:00","breadcrumb":{"@id":"https:\/\/lasomniada.com\/ca\/politica-de-cookies\/#breadcrumb"},"inLanguage":"val","potentialAction":[{"@type":"ReadAction","target":["https:\/\/lasomniada.com\/ca\/politica-de-cookies\/"]}]},{"@type":"BreadcrumbList","@id":"https:\/\/lasomniada.com\/ca\/politica-de-cookies\/#breadcrumb","itemListElement":[{"@type":"ListItem","position":1,"name":"Inicio","item":"https:\/\/lasomniada.com\/ca\/"},{"@type":"ListItem","position":2,"name":"Pol\u00edtica de cookies"}]},{"@type":"WebSite","@id":"https:\/\/lasomniada.com\/#website","url":"https:\/\/lasomniada.com\/","name":"La somniada","description":"Cerveza artesana ecol\u00f3gica","publisher":{"@id":"https:\/\/lasomniada.com\/#organization"},"alternateName":"L'auda\u00e7","potentialAction":[{"@type":"SearchAction","target":{"@type":"EntryPoint","urlTemplate":"https:\/\/lasomniada.com\/?s={search_term_string}"},"query-input":{"@type":"PropertyValueSpecification","valueRequired":true,"valueName":"search_term_string"}}],"inLanguage":"val"},{"@type":"Organization","@id":"https:\/\/lasomniada.com\/#organization","name":"La somniada","alternateName":"L'auda\u00e7","url":"https:\/\/lasomniada.com\/","logo":{"@type":"ImageObject","inLanguage":"val","@id":"https:\/\/lasomniada.com\/#\/schema\/logo\/image\/","url":"https:\/\/lasomniada.com\/wp-content\/uploads\/2023\/03\/audac.png","contentUrl":"https:\/\/lasomniada.com\/wp-content\/uploads\/2023\/03\/audac.png","width":300,"height":300,"caption":"La somniada"},"image":{"@id":"https:\/\/lasomniada.com\/#\/schema\/logo\/image\/"},"sameAs":["https:\/\/www.facebook.com\/profile.php?id=100076092644625","https:\/\/www.instagram.com\/lasomniada\/","https:\/\/wwoof.es\/es\/host\/46496-elaboracion-de-cerveza-artesanal-y-ecologica"]}]}},"_links":{"self":[{"href":"https:\/\/lasomniada.com\/ca\/wp-json\/wp\/v2\/pages\/578","targetHints":{"allow":["GET"]}}],"collection":[{"href":"https:\/\/lasomniada.com\/ca\/wp-json\/wp\/v2\/pages"}],"about":[{"href":"https:\/\/lasomniada.com\/ca\/wp-json\/wp\/v2\/types\/page"}],"author":[{"embeddable":true,"href":"https:\/\/lasomniada.com\/ca\/wp-json\/wp\/v2\/users\/1"}],"replies":[{"embeddable":true,"href":"https:\/\/lasomniada.com\/ca\/wp-json\/wp\/v2\/comments?post=578"}],"version-history":[{"count":3,"href":"https:\/\/lasomniada.com\/ca\/wp-json\/wp\/v2\/pages\/578\/revisions"}],"predecessor-version":[{"id":581,"href":"https:\/\/lasomniada.com\/ca\/wp-json\/wp\/v2\/pages\/578\/revisions\/581"}],"wp:attachment":[{"href":"https:\/\/lasomniada.com\/ca\/wp-json\/wp\/v2\/media?parent=578"}],"curies":[{"name":"wp","href":"https:\/\/api.w.org\/{rel}","templated":true}]}}