{"id":606,"date":"2023-02-06T16:00:27","date_gmt":"2023-02-06T16:00:27","guid":{"rendered":"https:\/\/lasomniada.com\/tienda\/trepadora-indian-pale-ale\/"},"modified":"2025-10-14T19:25:24","modified_gmt":"2025-10-14T17:25:24","slug":"ipa-ecologica-indian-pale-ale","status":"publish","type":"product","link":"https:\/\/lasomniada.com\/ca\/tienda\/ipa-ecologica-indian-pale-ale\/","title":{"rendered":"TREPADORA &#8211; Indian Pale Ale"},"content":{"rendered":null,"protected":false},"excerpt":{"rendered":"<div class=\"elementor-element elementor-element-773019a elementor-widget elementor-widget-text-editor\" data-id=\"773019a\" data-element_type=\"widget\" data-widget_type=\"text-editor.default\">\n<div class=\"elementor-widget-container\">\n<p dir=\"ltr\">Una IPA ecol\u00f3gica per als amants incondicionals del ll\u00fapol, am la quantitat necess\u00e0ria per a un equilibri entre malta, amargor i asom\u00e0tica. Sense filtrar i amb carbonataci\u00f3.<\/p>\n<p dir=\"ltr\">Ingredientes: agua, malta de <strong>cebada<\/strong>*, sarraceno*, copos de <strong>avena<\/strong>* , flor de l\u00fapulo*, az\u00facar*, levadura.<\/p>\n<p dir=\"ltr\">Ingredients: aigua, malta d\u2019<strong>ordi<\/strong>*, blat negre*, flocs d\u2019<strong>avena<\/strong>*, ll\u00fapol*, sucre*, *mariallu\u00efsa, llevat.<\/p>\n<p dir=\"ltr\"><strong>*Agricultura ecol\u00f2gica<\/strong><\/p>\n<\/div>\n<\/div>\n<p> <a class=\"continue\" href=\"https:\/\/lasomniada.com\/ca\/tienda\/ipa-ecologica-indian-pale-ale\/\">leer m\u00e1s<span> TREPADORA &#8211; Indian Pale Ale<\/span><\/a><\/p>\n","protected":false},"featured_media":764,"comment_status":"open","ping_status":"closed","template":"","meta":[],"product_brand":[65],"product_cat":[46],"product_tag":[],"class_list":{"0":"post-606","1":"product","2":"type-product","3":"status-publish","4":"has-post-thumbnail","6":"product_brand-la-audaz-cerveza-artesana","7":"product_cat-cerveza-artesana-ca","9":"first","10":"instock","11":"taxable","12":"shipping-taxable","13":"purchasable","14":"product-type-variable"},"yoast_head":"<!-- This site is optimized with the Yoast SEO plugin v27.5 - https:\/\/yoast.com\/product\/yoast-seo-wordpress\/ -->\n<title>TREPADORA - Indian Pale Ale - Cervecer\u00eda L&#039;auda\u00e7 - La Somniada Coop.V<\/title>\n<meta name=\"description\" content=\"Una IPA ecol\u00f3gica per als amants incondicionals del ll\u00fapol, am la quantitat necess\u00e0ria per a un equilibri entre malta, amargor i asom\u00e0tica.\" \/>\n<meta name=\"robots\" content=\"index, follow, max-snippet:-1, max-image-preview:large, max-video-preview:-1\" \/>\n<link rel=\"canonical\" href=\"https:\/\/lasomniada.com\/ca\/tienda\/ipa-ecologica-indian-pale-ale\/\" \/>\n<meta property=\"og:locale\" content=\"en_US\" \/>\n<meta property=\"og:type\" content=\"article\" \/>\n<meta property=\"og:title\" content=\"TREPADORA - Indian Pale Ale - Cervecer\u00eda L&#039;auda\u00e7 - La Somniada Coop.V\" \/>\n<meta property=\"og:description\" content=\"Una IPA ecol\u00f3gica per als amants incondicionals del ll\u00fapol, am la quantitat necess\u00e0ria per a un equilibri entre malta, amargor i asom\u00e0tica.\" \/>\n<meta property=\"og:url\" content=\"https:\/\/lasomniada.com\/ca\/tienda\/ipa-ecologica-indian-pale-ale\/\" \/>\n<meta property=\"og:site_name\" content=\"Cervecer\u00eda L&#039;auda\u00e7 - La Somniada Coop.V\" \/>\n<meta property=\"article:publisher\" content=\"https:\/\/www.facebook.com\/profile.php?id=100076092644625\" \/>\n<meta property=\"article:modified_time\" content=\"2025-10-14T17:25:24+00:00\" \/>\n<meta property=\"og:image\" content=\"https:\/\/lasomniada.com\/wp-content\/uploads\/2023\/02\/Trepadora-IPA.jpg\" \/>\n\t<meta property=\"og:image:width\" content=\"1080\" \/>\n\t<meta property=\"og:image:height\" content=\"1080\" \/>\n\t<meta property=\"og:image:type\" content=\"image\/jpeg\" \/>\n<meta name=\"twitter:card\" content=\"summary_large_image\" \/>\n<meta name=\"twitter:label1\" content=\"Est. reading time\" \/>\n\t<meta name=\"twitter:data1\" content=\"1 minute\" \/>\n<script type=\"application\/ld+json\" class=\"yoast-schema-graph\">{\"@context\":\"https:\\\/\\\/schema.org\",\"@graph\":[{\"@type\":\"WebPage\",\"@id\":\"https:\\\/\\\/lasomniada.com\\\/ca\\\/tienda\\\/ipa-ecologica-indian-pale-ale\\\/\",\"url\":\"https:\\\/\\\/lasomniada.com\\\/ca\\\/tienda\\\/ipa-ecologica-indian-pale-ale\\\/\",\"name\":\"TREPADORA - Indian Pale Ale - Cervecer\u00eda L&#039;auda\u00e7 - La Somniada Coop.V\",\"isPartOf\":{\"@id\":\"https:\\\/\\\/lasomniada.com\\\/#website\"},\"primaryImageOfPage\":{\"@id\":\"https:\\\/\\\/lasomniada.com\\\/ca\\\/tienda\\\/ipa-ecologica-indian-pale-ale\\\/#primaryimage\"},\"image\":{\"@id\":\"https:\\\/\\\/lasomniada.com\\\/ca\\\/tienda\\\/ipa-ecologica-indian-pale-ale\\\/#primaryimage\"},\"thumbnailUrl\":\"https:\\\/\\\/lasomniada.com\\\/wp-content\\\/uploads\\\/2023\\\/02\\\/Trepadora-IPA.jpg\",\"datePublished\":\"2023-02-06T16:00:27+00:00\",\"dateModified\":\"2025-10-14T17:25:24+00:00\",\"description\":\"Una IPA ecol\u00f3gica per als amants incondicionals del ll\u00fapol, am la quantitat necess\u00e0ria per a un equilibri entre malta, amargor i asom\u00e0tica.\",\"breadcrumb\":{\"@id\":\"https:\\\/\\\/lasomniada.com\\\/ca\\\/tienda\\\/ipa-ecologica-indian-pale-ale\\\/#breadcrumb\"},\"inLanguage\":\"val\",\"potentialAction\":[{\"@type\":\"ReadAction\",\"target\":[\"https:\\\/\\\/lasomniada.com\\\/ca\\\/tienda\\\/ipa-ecologica-indian-pale-ale\\\/\"]}]},{\"@type\":\"ImageObject\",\"inLanguage\":\"val\",\"@id\":\"https:\\\/\\\/lasomniada.com\\\/ca\\\/tienda\\\/ipa-ecologica-indian-pale-ale\\\/#primaryimage\",\"url\":\"https:\\\/\\\/lasomniada.com\\\/wp-content\\\/uploads\\\/2023\\\/02\\\/Trepadora-IPA.jpg\",\"contentUrl\":\"https:\\\/\\\/lasomniada.com\\\/wp-content\\\/uploads\\\/2023\\\/02\\\/Trepadora-IPA.jpg\",\"width\":1080,\"height\":1080,\"caption\":\"IPA\"},{\"@type\":\"BreadcrumbList\",\"@id\":\"https:\\\/\\\/lasomniada.com\\\/ca\\\/tienda\\\/ipa-ecologica-indian-pale-ale\\\/#breadcrumb\",\"itemListElement\":[{\"@type\":\"ListItem\",\"position\":1,\"name\":\"Inicio\",\"item\":\"https:\\\/\\\/lasomniada.com\\\/ca\\\/\"},{\"@type\":\"ListItem\",\"position\":2,\"name\":\"Botiga\",\"item\":\"https:\\\/\\\/lasomniada.com\\\/ca\\\/botiga\\\/\"},{\"@type\":\"ListItem\",\"position\":3,\"name\":\"TREPADORA &#8211; Indian Pale Ale\"}]},{\"@type\":\"WebSite\",\"@id\":\"https:\\\/\\\/lasomniada.com\\\/#website\",\"url\":\"https:\\\/\\\/lasomniada.com\\\/\",\"name\":\"La somniada\",\"description\":\"Cerveza artesana ecol\u00f3gica\",\"publisher\":{\"@id\":\"https:\\\/\\\/lasomniada.com\\\/#organization\"},\"alternateName\":\"L'auda\u00e7\",\"potentialAction\":[{\"@type\":\"SearchAction\",\"target\":{\"@type\":\"EntryPoint\",\"urlTemplate\":\"https:\\\/\\\/lasomniada.com\\\/?s={search_term_string}\"},\"query-input\":{\"@type\":\"PropertyValueSpecification\",\"valueRequired\":true,\"valueName\":\"search_term_string\"}}],\"inLanguage\":\"val\"},{\"@type\":\"Organization\",\"@id\":\"https:\\\/\\\/lasomniada.com\\\/#organization\",\"name\":\"La somniada\",\"alternateName\":\"L'auda\u00e7\",\"url\":\"https:\\\/\\\/lasomniada.com\\\/\",\"logo\":{\"@type\":\"ImageObject\",\"inLanguage\":\"val\",\"@id\":\"https:\\\/\\\/lasomniada.com\\\/#\\\/schema\\\/logo\\\/image\\\/\",\"url\":\"https:\\\/\\\/lasomniada.com\\\/wp-content\\\/uploads\\\/2023\\\/03\\\/audac.png\",\"contentUrl\":\"https:\\\/\\\/lasomniada.com\\\/wp-content\\\/uploads\\\/2023\\\/03\\\/audac.png\",\"width\":300,\"height\":300,\"caption\":\"La somniada\"},\"image\":{\"@id\":\"https:\\\/\\\/lasomniada.com\\\/#\\\/schema\\\/logo\\\/image\\\/\"},\"sameAs\":[\"https:\\\/\\\/www.facebook.com\\\/profile.php?id=100076092644625\",\"https:\\\/\\\/www.instagram.com\\\/lasomniada\\\/\",\"https:\\\/\\\/wwoof.es\\\/es\\\/host\\\/46496-elaboracion-de-cerveza-artesanal-y-ecologica\"]}]}<\/script>\n<!-- \/ Yoast SEO plugin. -->","yoast_head_json":{"title":"TREPADORA - Indian Pale Ale - Cervecer\u00eda L&#039;auda\u00e7 - La Somniada Coop.V","description":"Una IPA ecol\u00f3gica per als amants incondicionals del ll\u00fapol, am la quantitat necess\u00e0ria per a un equilibri entre malta, amargor i asom\u00e0tica.","robots":{"index":"index","follow":"follow","max-snippet":"max-snippet:-1","max-image-preview":"max-image-preview:large","max-video-preview":"max-video-preview:-1"},"canonical":"https:\/\/lasomniada.com\/ca\/tienda\/ipa-ecologica-indian-pale-ale\/","og_locale":"en_US","og_type":"article","og_title":"TREPADORA - Indian Pale Ale - Cervecer\u00eda L&#039;auda\u00e7 - La Somniada Coop.V","og_description":"Una IPA ecol\u00f3gica per als amants incondicionals del ll\u00fapol, am la quantitat necess\u00e0ria per a un equilibri entre malta, amargor i asom\u00e0tica.","og_url":"https:\/\/lasomniada.com\/ca\/tienda\/ipa-ecologica-indian-pale-ale\/","og_site_name":"Cervecer\u00eda L&#039;auda\u00e7 - La Somniada Coop.V","article_publisher":"https:\/\/www.facebook.com\/profile.php?id=100076092644625","article_modified_time":"2025-10-14T17:25:24+00:00","og_image":[{"width":1080,"height":1080,"url":"https:\/\/lasomniada.com\/wp-content\/uploads\/2023\/02\/Trepadora-IPA.jpg","type":"image\/jpeg"}],"twitter_card":"summary_large_image","twitter_misc":{"Est. reading time":"1 minute"},"schema":{"@context":"https:\/\/schema.org","@graph":[{"@type":"WebPage","@id":"https:\/\/lasomniada.com\/ca\/tienda\/ipa-ecologica-indian-pale-ale\/","url":"https:\/\/lasomniada.com\/ca\/tienda\/ipa-ecologica-indian-pale-ale\/","name":"TREPADORA - Indian Pale Ale - Cervecer\u00eda L&#039;auda\u00e7 - La Somniada Coop.V","isPartOf":{"@id":"https:\/\/lasomniada.com\/#website"},"primaryImageOfPage":{"@id":"https:\/\/lasomniada.com\/ca\/tienda\/ipa-ecologica-indian-pale-ale\/#primaryimage"},"image":{"@id":"https:\/\/lasomniada.com\/ca\/tienda\/ipa-ecologica-indian-pale-ale\/#primaryimage"},"thumbnailUrl":"https:\/\/lasomniada.com\/wp-content\/uploads\/2023\/02\/Trepadora-IPA.jpg","datePublished":"2023-02-06T16:00:27+00:00","dateModified":"2025-10-14T17:25:24+00:00","description":"Una IPA ecol\u00f3gica per als amants incondicionals del ll\u00fapol, am la quantitat necess\u00e0ria per a un equilibri entre malta, amargor i asom\u00e0tica.","breadcrumb":{"@id":"https:\/\/lasomniada.com\/ca\/tienda\/ipa-ecologica-indian-pale-ale\/#breadcrumb"},"inLanguage":"val","potentialAction":[{"@type":"ReadAction","target":["https:\/\/lasomniada.com\/ca\/tienda\/ipa-ecologica-indian-pale-ale\/"]}]},{"@type":"ImageObject","inLanguage":"val","@id":"https:\/\/lasomniada.com\/ca\/tienda\/ipa-ecologica-indian-pale-ale\/#primaryimage","url":"https:\/\/lasomniada.com\/wp-content\/uploads\/2023\/02\/Trepadora-IPA.jpg","contentUrl":"https:\/\/lasomniada.com\/wp-content\/uploads\/2023\/02\/Trepadora-IPA.jpg","width":1080,"height":1080,"caption":"IPA"},{"@type":"BreadcrumbList","@id":"https:\/\/lasomniada.com\/ca\/tienda\/ipa-ecologica-indian-pale-ale\/#breadcrumb","itemListElement":[{"@type":"ListItem","position":1,"name":"Inicio","item":"https:\/\/lasomniada.com\/ca\/"},{"@type":"ListItem","position":2,"name":"Botiga","item":"https:\/\/lasomniada.com\/ca\/botiga\/"},{"@type":"ListItem","position":3,"name":"TREPADORA &#8211; Indian Pale Ale"}]},{"@type":"WebSite","@id":"https:\/\/lasomniada.com\/#website","url":"https:\/\/lasomniada.com\/","name":"La somniada","description":"Cerveza artesana ecol\u00f3gica","publisher":{"@id":"https:\/\/lasomniada.com\/#organization"},"alternateName":"L'auda\u00e7","potentialAction":[{"@type":"SearchAction","target":{"@type":"EntryPoint","urlTemplate":"https:\/\/lasomniada.com\/?s={search_term_string}"},"query-input":{"@type":"PropertyValueSpecification","valueRequired":true,"valueName":"search_term_string"}}],"inLanguage":"val"},{"@type":"Organization","@id":"https:\/\/lasomniada.com\/#organization","name":"La somniada","alternateName":"L'auda\u00e7","url":"https:\/\/lasomniada.com\/","logo":{"@type":"ImageObject","inLanguage":"val","@id":"https:\/\/lasomniada.com\/#\/schema\/logo\/image\/","url":"https:\/\/lasomniada.com\/wp-content\/uploads\/2023\/03\/audac.png","contentUrl":"https:\/\/lasomniada.com\/wp-content\/uploads\/2023\/03\/audac.png","width":300,"height":300,"caption":"La somniada"},"image":{"@id":"https:\/\/lasomniada.com\/#\/schema\/logo\/image\/"},"sameAs":["https:\/\/www.facebook.com\/profile.php?id=100076092644625","https:\/\/www.instagram.com\/lasomniada\/","https:\/\/wwoof.es\/es\/host\/46496-elaboracion-de-cerveza-artesanal-y-ecologica"]}]}},"_links":{"self":[{"href":"https:\/\/lasomniada.com\/ca\/wp-json\/wp\/v2\/product\/606","targetHints":{"allow":["GET"]}}],"collection":[{"href":"https:\/\/lasomniada.com\/ca\/wp-json\/wp\/v2\/product"}],"about":[{"href":"https:\/\/lasomniada.com\/ca\/wp-json\/wp\/v2\/types\/product"}],"replies":[{"embeddable":true,"href":"https:\/\/lasomniada.com\/ca\/wp-json\/wp\/v2\/comments?post=606"}],"wp:featuredmedia":[{"embeddable":true,"href":"https:\/\/lasomniada.com\/ca\/wp-json\/wp\/v2\/media\/764"}],"wp:attachment":[{"href":"https:\/\/lasomniada.com\/ca\/wp-json\/wp\/v2\/media?parent=606"}],"wp:term":[{"taxonomy":"product_brand","embeddable":true,"href":"https:\/\/lasomniada.com\/ca\/wp-json\/wp\/v2\/product_brand?post=606"},{"taxonomy":"product_cat","embeddable":true,"href":"https:\/\/lasomniada.com\/ca\/wp-json\/wp\/v2\/product_cat?post=606"},{"taxonomy":"product_tag","embeddable":true,"href":"https:\/\/lasomniada.com\/ca\/wp-json\/wp\/v2\/product_tag?post=606"}],"curies":[{"name":"wp","href":"https:\/\/api.w.org\/{rel}","templated":true}]}}